{"id":34,"date":"2019-09-02T14:03:22","date_gmt":"2019-09-02T12:03:22","guid":{"rendered":"http:\/\/www.campinggace.fr\/?page_id=34"},"modified":"2019-09-09T11:10:46","modified_gmt":"2019-09-09T09:10:46","slug":"a-voir-a-faire","status":"publish","type":"page","link":"https:\/\/www.campinggace.fr\/index.php\/a-voir-a-faire\/","title":{"rendered":"A VOIR \/ A FAIRE"},"content":{"rendered":"<blockquote><p><b>\u00abGAC\u00c9 en Pays d\u2019Auge\u00a0\u00bb<\/b><\/p><\/blockquote>\n<p>&nbsp;<\/p>\n<p><strong>Ses Petites Randonn\u00e9es et Promenades <\/strong><\/p>\n<p>Une douzaine de circuits entretenus, adapt\u00e9s pour tous randonneurs, vous feront d\u00e9couvrir les richesses du Pays d\u2019Auge.<\/p>\n<p>Vous serez \u00e9tonn\u00e9s par la beaut\u00e9 de ses paysages, les tr\u00e9sors de son patrimoine et l\u2019authenticit\u00e9 de sa nature, de ses produits et de ses habitants.<\/p>\n<p>&nbsp;<\/p>\n<p><img loading=\"lazy\" decoding=\"async\" class=\"size-full wp-image-161 alignleft\" src=\"https:\/\/www.campinggace.fr\/wp-content\/uploads\/2019\/09\/Image1-1.png\" alt=\"\" width=\"81\" height=\"108\" \/><strong>Les Espaces VTT-FFC du Pays d\u2019Auge Ornais<\/strong><\/p>\n<p>13 circuits originaux V.T.T., agr\u00e9es par la F\u00e9d\u00e9ration Fran\u00e7aise de Cyclisme. Nous vous invitons \u00e0 d\u00e9couvrir 262 km de sentiers balis\u00e9s.<\/p>\n<p>&nbsp;<\/p>\n<p><b>Le Pays d\u2019Argentan Pays d\u2019Auge Ornais \u00e0 cheval<\/b><\/p>\n<p>12 circuits de randonn\u00e9es pour cavaliers et 3 circuits pour attelages.<\/p>\n<p><b><img loading=\"lazy\" decoding=\"async\" class=\"size-full wp-image-162 alignleft\" src=\"https:\/\/www.campinggace.fr\/wp-content\/uploads\/2019\/09\/Image2.png\" alt=\"\" width=\"85\" height=\"113\" \/>Le Mus\u00e9e de la Dame aux Cam\u00e9lias<\/b><\/p>\n<p>Le Mus\u00e9e est ouvert du 19 juin au 15 septembre, du Mardi au Samedi de 14h \u00e0 17h (17h d\u00e9but de la derni\u00e8re visite).<\/p>\n<p>Visite de groupe toute l&rsquo;ann\u00e9e sur rendez-vous.<\/p>\n<p>Tarifs : 4\u20ac (3\u20ac pour les groupes)<\/p>\n<p><b>\u00a0<\/b><\/p>\n<p><b> <img loading=\"lazy\" decoding=\"async\" class=\" wp-image-163 alignleft\" src=\"https:\/\/www.campinggace.fr\/wp-content\/uploads\/2019\/09\/Fossile1.gif\" alt=\"\" width=\"157\" height=\"122\" \/><\/b><b>Le Mus\u00e9e des Min\u00e9raux et Fossiles<\/b><\/p>\n<p>Le Mus\u00e9e est ouvert les mercredis et samedis<\/p>\n<p>de 14h \u00e0 17h de mai \u00e0 septembre et toute l\u2019ann\u00e9e<\/p>\n<p>sur rendez-vous au 02-33-35-51-98<\/p>\n<p><b>\u00a0<\/b><\/p>\n<p><b>Et ses nombreux autres loisirs\u2026<\/b><\/p>\n<ul>\n<li>Piscine chauff\u00e9e<\/li>\n<li>Sports \u00e9questres, p\u00e9tanque<\/li>\n<li>Tennis (3 courts dont 1 couvert)<\/li>\n<li>P\u00eache en rivi\u00e8re et \u00e9tang<\/li>\n<li>Biblioth\u00e8que<\/li>\n<li>Visite de fermes,<\/li>\n<li>Parcours sant\u00e9,<\/li>\n<li>Plan d\u2019eau avec distractions diverses<\/li>\n<\/ul>\n<p><i>(12 km, St Evroult-Notre-Dame-du bois)<\/i><\/p>\n<p><img loading=\"lazy\" decoding=\"async\" class=\"alignnone size-full wp-image-164\" src=\"https:\/\/www.campinggace.fr\/wp-content\/uploads\/2019\/09\/Image3.png\" alt=\"\" width=\"161\" height=\"172\" \/><\/p>\n<p><b>Son march\u00e9<\/b><\/p>\n<p>Chaque Samedi apr\u00e8s midi, vente de produits fermiers<\/p>\n<p><b>\u00a0<\/b><\/p>\n<p><b>Office de Tourisme de Gac\u00e9 et sa r\u00e9gion<\/b><\/p>\n<p><b>Place du ch\u00e2teau &#8211; 61230 Gac\u00e9<\/b><\/p>\n<p><b>02.33.35.50.24<\/b><\/p>\n<p>&nbsp;<\/p>\n","protected":false},"excerpt":{"rendered":"<p>\u00abGAC\u00c9 en Pays d\u2019Auge\u00a0\u00bb &nbsp; Ses Petites Randonn\u00e9es et Promenades Une douzaine de circuits entretenus, adapt\u00e9s pour tous randonneurs, vous feront d\u00e9couvrir les richesses du Pays d\u2019Auge. Vous serez \u00e9tonn\u00e9s par la beaut\u00e9 de ses paysages, les tr\u00e9sors de son patrimoine et l\u2019authenticit\u00e9 de sa nature, de ses produits et de ses habitants. &nbsp; Les &hellip; <\/p>\n<p><a class=\"more-link btn\" href=\"https:\/\/www.campinggace.fr\/index.php\/a-voir-a-faire\/\">Lire la suite<\/a><\/p>\n","protected":false},"author":2,"featured_media":0,"parent":0,"menu_order":50,"comment_status":"closed","ping_status":"closed","template":"","meta":{"footnotes":""},"class_list":["post-34","page","type-page","status-publish","hentry","nodate","item-wrap"],"_links":{"self":[{"href":"https:\/\/www.campinggace.fr\/index.php\/wp-json\/wp\/v2\/pages\/34","targetHints":{"allow":["GET"]}}],"collection":[{"href":"https:\/\/www.campinggace.fr\/index.php\/wp-json\/wp\/v2\/pages"}],"about":[{"href":"https:\/\/www.campinggace.fr\/index.php\/wp-json\/wp\/v2\/types\/page"}],"author":[{"embeddable":true,"href":"https:\/\/www.campinggace.fr\/index.php\/wp-json\/wp\/v2\/users\/2"}],"replies":[{"embeddable":true,"href":"https:\/\/www.campinggace.fr\/index.php\/wp-json\/wp\/v2\/comments?post=34"}],"version-history":[{"count":4,"href":"https:\/\/www.campinggace.fr\/index.php\/wp-json\/wp\/v2\/pages\/34\/revisions"}],"predecessor-version":[{"id":166,"href":"https:\/\/www.campinggace.fr\/index.php\/wp-json\/wp\/v2\/pages\/34\/revisions\/166"}],"wp:attachment":[{"href":"https:\/\/www.campinggace.fr\/index.php\/wp-json\/wp\/v2\/media?parent=34"}],"curies":[{"name":"wp","href":"https:\/\/api.w.org\/{rel}","templated":true}]}}