{"id":32,"date":"2019-09-02T14:02:58","date_gmt":"2019-09-02T12:02:58","guid":{"rendered":"http:\/\/www.campinggace.fr\/?page_id=32"},"modified":"2019-09-09T15:04:47","modified_gmt":"2019-09-09T13:04:47","slug":"reservations","status":"publish","type":"page","link":"https:\/\/www.campinggace.fr\/index.php\/reservations\/","title":{"rendered":"R\u00c9SERVATIONS"},"content":{"rendered":"<blockquote>\n<p style=\"text-align: center;\"><span style=\"color: #993300;\"><b>Cliquez ici pour t\u00e9l\u00e9charger le :<\/b><\/span><\/p>\n<p style=\"text-align: center;\"><span style=\"color: #993300;\"><b><a href=\"https:\/\/www.campinggace.fr\/wp-content\/uploads\/2019\/09\/LOCATION-CAMPINGG.doc\">CONTRAT DE LOCATION<\/a><\/b><\/span><\/p>\n<p style=\"text-align: center;\"><span style=\"color: #993300;\"><b>EMPLACEMENT AU CAMPING DE GACE<\/b><\/span><\/p>\n<\/blockquote>\n<p><b>\u00a0<\/b><\/p>\n<p><b>\u00a0<\/b><\/p>\n<p><b>\u00c9TABLI LE &#8230;&#8230;&#8230;&#8230;&#8230;&#8230;&#8230;&#8230;&#8230;&#8230;&#8230;&#8230;&#8230;&#8230;&#8230;&#8230;<\/b><\/p>\n<p><b>\u00a0<\/b><\/p>\n<p><b>A Monsieur, Madame : Nom &#8230;&#8230;&#8230;&#8230;&#8230;&#8230;&#8230;&#8230;&#8230;&#8230;&#8230;. Pr\u00e9nom &#8230;&#8230;&#8230;&#8230;&#8230;&#8230;&#8230;&#8230;&#8230;&#8230;&#8230;&#8230;&#8230;&#8230;<\/b><\/p>\n<p><b>\u00a0<\/b><\/p>\n<p><b>ADRESSE &#8230;&#8230;&#8230;&#8230;&#8230;&#8230;&#8230;&#8230;&#8230;&#8230;&#8230;&#8230;&#8230;&#8230;&#8230;&#8230;&#8230;&#8230;&#8230;&#8230;&#8230;&#8230;&#8230;&#8230;&#8230;&#8230;&#8230;&#8230;&#8230;&#8230;&#8230;&#8230;&#8230;&#8230;&#8230;&#8230;&#8230;&#8230;&#8230;&#8230;.<\/b><\/p>\n<p><b>\u00a0<\/b><\/p>\n<p><b>T\u00c9L\u00c9PHONE : &#8230;&#8230;&#8230;&#8230;&#8230;&#8230;&#8230;&#8230;&#8230;&#8230;&#8230;&#8230;&#8230;&#8230;&#8230;&#8230;&#8230;&#8230;&#8230;.<\/b><\/p>\n<p><b>\u00a0<\/b><\/p>\n<p><b>1 ) Nombre de personnes :\u00a0\u00a0\u00a0\u00a0 Adultes : &#8230;&#8230;&#8230;&#8230;&#8230;&#8230;&#8230;&#8230;&#8230;&#8230;&#8230;&#8230;. <\/b><\/p>\n<p><b> Enfants (\u00e2ges ) : &#8230;&#8230;&#8230;&#8230;&#8230;&#8230;&#8230;&#8230;<\/b><\/p>\n<p><b>\u00a0<\/b><\/p>\n<p><b>2 ) P\u00e9riode de location :<\/b><\/p>\n<p><b>\u00a0<\/b><\/p>\n<p><b>Date d\u2019arriv\u00e9e : &#8230;&#8230;&#8230;&#8230;&#8230;&#8230;&#8230;&#8230;&#8230;&#8230;&#8230;&#8230;&#8230;&#8230;Date de d\u00e9part : &#8230;&#8230;&#8230;&#8230;&#8230;&#8230;&#8230;&#8230;&#8230;&#8230;&#8230;&#8230;&#8230;..<\/b><\/p>\n<p><b>\u00a0<\/b><\/p>\n<p><b>3 ) le paiement est fix\u00e9 comme suit : Paiement \u00e0 l\u2019arriv\u00e9e au Camping<\/b><\/p>\n<p><b>\u00a0<\/b><\/p>\n<p><b>A r\u00e9ception nous vous confirmerons votre r\u00e9servation.<\/b><\/p>\n<p>&nbsp;<\/p>\n<p>&nbsp;<\/p>\n<p>R\u00e9serv\u00e9\u00a0\u00a0 Emplacement N\u00b0 &#8230;&#8230;&#8230;&#8230;..<\/p>\n<p>&nbsp;<\/p>\n<p>Nom &#8230;&#8230;&#8230;&#8230;&#8230;&#8230;&#8230;&#8230;&#8230;&#8230;.Pr\u00e9nom &#8230;&#8230;&#8230;&#8230;&#8230;&#8230;&#8230;&#8230;&#8230;..<\/p>\n<p>&nbsp;<\/p>\n<p>P\u00e9riode de location : &#8230;&#8230;&#8230;&#8230;&#8230;&#8230;&#8230;..<\/p>\n<p>&nbsp;<\/p>\n<p>Total \u00e0 payer &#8230;&#8230;&#8230;&#8230;&#8230;&#8230;&#8230;&#8230;&#8230;.. R\u00e9servation &#8230;&#8230;&#8230;&#8230;&#8230;&#8230;&#8230;&#8230;&#8230;&#8230;&#8230;..<\/p>\n<p>&nbsp;<\/p>\n<p>Pour confirmation, fait \u00e0 Gac\u00e9 le,<\/p>\n<p><b>\u00a0<\/b><\/p>\n<p><b>4 ) Descriptif des emplacements : <\/b><\/p>\n<p><b>29 parcelles gazonn\u00e9es s\u00e9par\u00e9es par des haies de charmilles.<\/b><\/p>\n<p><b>Des photos sont disponibles sur notre site www.campinggace.fr<\/b><\/p>\n<p><b>\u00a0<\/b><\/p>\n<p><b>5 ) Retard \u00e0 l\u2019arriv\u00e9e : nous pr\u00e9venir imp\u00e9rativement.<\/b><\/p>\n<p><b>La r\u00e9servation est maintenue pendant 24 heures. Au-del\u00e0, sans nouvelle de votre part, l\u2019emplacement n\u2019est plus r\u00e9serv\u00e9.<\/b><\/p>\n<p><b>\u00a0<\/b><\/p>\n<p><b>6 ) Le prix comprend : la location de l\u2019emplacement, le branchement \u00e9lectrique, le s\u00e9jour des personnes, l\u2019acc\u00e8s aux sanitaires et autres installation.<\/b><\/p>\n<p><b>\u00a0<\/b><\/p>\n<p><b>Les visiteurs ainsi que leurs v\u00e9hicules ne sont pas inclus.<\/b><\/p>\n<p>&nbsp;<\/p>\n<h3 style=\"text-align: center;\"><strong><span style=\"color: #ff0000;\">Contrat \u00e0 retourner par mail : ville.gace@wanadoo.fr<\/span><\/strong><\/h3>\n","protected":false},"excerpt":{"rendered":"<p>Cliquez ici pour t\u00e9l\u00e9charger le : CONTRAT DE LOCATION EMPLACEMENT AU CAMPING DE GACE \u00a0 \u00a0 \u00c9TABLI LE &#8230;&#8230;&#8230;&#8230;&#8230;&#8230;&#8230;&#8230;&#8230;&#8230;&#8230;&#8230;&#8230;&#8230;&#8230;&#8230; \u00a0 A Monsieur, Madame : Nom &#8230;&#8230;&#8230;&#8230;&#8230;&#8230;&#8230;&#8230;&#8230;&#8230;&#8230;. Pr\u00e9nom &#8230;&#8230;&#8230;&#8230;&#8230;&#8230;&#8230;&#8230;&#8230;&#8230;&#8230;&#8230;&#8230;&#8230; \u00a0 ADRESSE &#8230;&#8230;&#8230;&#8230;&#8230;&#8230;&#8230;&#8230;&#8230;&#8230;&#8230;&#8230;&#8230;&#8230;&#8230;&#8230;&#8230;&#8230;&#8230;&#8230;&#8230;&#8230;&#8230;&#8230;&#8230;&#8230;&#8230;&#8230;&#8230;&#8230;&#8230;&#8230;&#8230;&#8230;&#8230;&#8230;&#8230;&#8230;&#8230;&#8230;. \u00a0 T\u00c9L\u00c9PHONE : &#8230;&#8230;&#8230;&#8230;&#8230;&#8230;&#8230;&#8230;&#8230;&#8230;&#8230;&#8230;&#8230;&#8230;&#8230;&#8230;&#8230;&#8230;&#8230;. \u00a0 1 ) Nombre de personnes :\u00a0\u00a0\u00a0\u00a0 Adultes : &#8230;&#8230;&#8230;&#8230;&#8230;&#8230;&#8230;&#8230;&#8230;&#8230;&#8230;&#8230;. Enfants (\u00e2ges ) : &#8230;&#8230;&#8230;&#8230;&#8230;&#8230;&#8230;&#8230; \u00a0 2 ) P\u00e9riode de &hellip; <\/p>\n<p><a class=\"more-link btn\" href=\"https:\/\/www.campinggace.fr\/index.php\/reservations\/\">Lire la suite<\/a><\/p>\n","protected":false},"author":2,"featured_media":0,"parent":0,"menu_order":40,"comment_status":"closed","ping_status":"closed","template":"","meta":{"footnotes":""},"class_list":["post-32","page","type-page","status-publish","hentry","nodate","item-wrap"],"_links":{"self":[{"href":"https:\/\/www.campinggace.fr\/index.php\/wp-json\/wp\/v2\/pages\/32","targetHints":{"allow":["GET"]}}],"collection":[{"href":"https:\/\/www.campinggace.fr\/index.php\/wp-json\/wp\/v2\/pages"}],"about":[{"href":"https:\/\/www.campinggace.fr\/index.php\/wp-json\/wp\/v2\/types\/page"}],"author":[{"embeddable":true,"href":"https:\/\/www.campinggace.fr\/index.php\/wp-json\/wp\/v2\/users\/2"}],"replies":[{"embeddable":true,"href":"https:\/\/www.campinggace.fr\/index.php\/wp-json\/wp\/v2\/comments?post=32"}],"version-history":[{"count":3,"href":"https:\/\/www.campinggace.fr\/index.php\/wp-json\/wp\/v2\/pages\/32\/revisions"}],"predecessor-version":[{"id":189,"href":"https:\/\/www.campinggace.fr\/index.php\/wp-json\/wp\/v2\/pages\/32\/revisions\/189"}],"wp:attachment":[{"href":"https:\/\/www.campinggace.fr\/index.php\/wp-json\/wp\/v2\/media?parent=32"}],"curies":[{"name":"wp","href":"https:\/\/api.w.org\/{rel}","templated":true}]}}