{"id":26,"date":"2019-09-02T14:01:42","date_gmt":"2019-09-02T12:01:42","guid":{"rendered":"http:\/\/www.campinggace.fr\/?page_id=26"},"modified":"2019-09-10T09:21:01","modified_gmt":"2019-09-10T07:21:01","slug":"emplacements","status":"publish","type":"page","link":"https:\/\/www.campinggace.fr\/index.php\/le-camping\/emplacements\/","title":{"rendered":"Emplacements"},"content":{"rendered":"<blockquote><p>28 parcelles gazonn\u00e9es s\u00e9par\u00e9es par des haies de charmilles.<\/p>\n<p>Branchement \u00e9lectrique.<\/p><\/blockquote>\n<p><img loading=\"lazy\" decoding=\"async\" class=\"size-medium wp-image-133 alignleft\" src=\"https:\/\/www.campinggace.fr\/wp-content\/uploads\/2019\/09\/bnb_image_109-300x225.jpeg\" alt=\"\" width=\"300\" height=\"225\" srcset=\"https:\/\/www.campinggace.fr\/wp-content\/uploads\/2019\/09\/bnb_image_109-300x225.jpeg 300w, https:\/\/www.campinggace.fr\/wp-content\/uploads\/2019\/09\/bnb_image_109-768x576.jpeg 768w, https:\/\/www.campinggace.fr\/wp-content\/uploads\/2019\/09\/bnb_image_109.jpeg 778w\" sizes=\"auto, (max-width: 300px) 100vw, 300px\" \/><img loading=\"lazy\" decoding=\"async\" class=\"size-medium wp-image-135 alignleft\" src=\"https:\/\/www.campinggace.fr\/wp-content\/uploads\/2019\/09\/bnb_image_15-300x225.jpeg\" alt=\"\" width=\"300\" height=\"225\" srcset=\"https:\/\/www.campinggace.fr\/wp-content\/uploads\/2019\/09\/bnb_image_15-300x225.jpeg 300w, https:\/\/www.campinggace.fr\/wp-content\/uploads\/2019\/09\/bnb_image_15-768x576.jpeg 768w, https:\/\/www.campinggace.fr\/wp-content\/uploads\/2019\/09\/bnb_image_15.jpeg 800w\" sizes=\"auto, (max-width: 300px) 100vw, 300px\" \/><\/p>\n<p>&nbsp;<\/p>\n<p>&nbsp;<\/p>\n<p>&nbsp;<\/p>\n<p>&nbsp;<\/p>\n<p>&nbsp;<\/p>\n<p>&nbsp;<\/p>\n<p><img loading=\"lazy\" decoding=\"async\" class=\"size-medium wp-image-204 aligncenter\" src=\"https:\/\/www.campinggace.fr\/wp-content\/uploads\/2019\/09\/Plan-Camping-212x300.jpg\" alt=\"\" width=\"212\" height=\"300\" srcset=\"https:\/\/www.campinggace.fr\/wp-content\/uploads\/2019\/09\/Plan-Camping-212x300.jpg 212w, https:\/\/www.campinggace.fr\/wp-content\/uploads\/2019\/09\/Plan-Camping-768x1086.jpg 768w, https:\/\/www.campinggace.fr\/wp-content\/uploads\/2019\/09\/Plan-Camping-724x1024.jpg 724w\" sizes=\"auto, (max-width: 212px) 100vw, 212px\" \/><\/p>\n<p>&nbsp;<\/p>\n","protected":false},"excerpt":{"rendered":"<p>28 parcelles gazonn\u00e9es s\u00e9par\u00e9es par des haies de charmilles. Branchement \u00e9lectrique. &nbsp; &nbsp; &nbsp; &nbsp; &nbsp; &nbsp; &nbsp;<\/p>\n","protected":false},"author":2,"featured_media":0,"parent":22,"menu_order":20,"comment_status":"closed","ping_status":"closed","template":"","meta":{"footnotes":""},"class_list":["post-26","page","type-page","status-publish","hentry","nodate","item-wrap"],"_links":{"self":[{"href":"https:\/\/www.campinggace.fr\/index.php\/wp-json\/wp\/v2\/pages\/26","targetHints":{"allow":["GET"]}}],"collection":[{"href":"https:\/\/www.campinggace.fr\/index.php\/wp-json\/wp\/v2\/pages"}],"about":[{"href":"https:\/\/www.campinggace.fr\/index.php\/wp-json\/wp\/v2\/types\/page"}],"author":[{"embeddable":true,"href":"https:\/\/www.campinggace.fr\/index.php\/wp-json\/wp\/v2\/users\/2"}],"replies":[{"embeddable":true,"href":"https:\/\/www.campinggace.fr\/index.php\/wp-json\/wp\/v2\/comments?post=26"}],"version-history":[{"count":6,"href":"https:\/\/www.campinggace.fr\/index.php\/wp-json\/wp\/v2\/pages\/26\/revisions"}],"predecessor-version":[{"id":205,"href":"https:\/\/www.campinggace.fr\/index.php\/wp-json\/wp\/v2\/pages\/26\/revisions\/205"}],"up":[{"embeddable":true,"href":"https:\/\/www.campinggace.fr\/index.php\/wp-json\/wp\/v2\/pages\/22"}],"wp:attachment":[{"href":"https:\/\/www.campinggace.fr\/index.php\/wp-json\/wp\/v2\/media?parent=26"}],"curies":[{"name":"wp","href":"https:\/\/api.w.org\/{rel}","templated":true}]}}